{"id":3284,"date":"2026-03-12T10:54:10","date_gmt":"2026-03-12T10:54:10","guid":{"rendered":"https:\/\/helgafell1.kiwanis.is\/?page_id=3284"},"modified":"2026-03-14T18:30:12","modified_gmt":"2026-03-14T18:30:12","slug":"forsida","status":"publish","type":"page","link":"https:\/\/helgafell1.kiwanis.is\/?page_id=3284","title":{"rendered":"Starfs\u00e1\u00e6tlun"},"content":{"rendered":"\n<p><\/p>\n\n\n\n<p><strong>DAGSKR\u00c1 HELGAFELLS<\/strong><\/p>\n\n\n\n<p><strong>STARFS\u00c1RI\u00d0 2025 &#8211; 2026<\/strong><\/p>\n\n\n\n<p>Matarnefnd a\u00f0sto\u00f0ar h\u00fasstj\u00f3rn \u00e1 barnum ef \u00e1st\u00e6\u00f0a \u00feykir til.<\/p>\n\n\n\n<p>H\u00fasstj\u00f3rn a\u00f0sto\u00f0ar Matarnefnd a\u00f0 framrei\u00f0a mat og ganga<\/p>\n\n\n\n<p>fr\u00e1 eftir mat ef \u00e1st\u00e6\u00f0a \u00feykir til.<\/p>\n\n\n\n<p><strong>OKT\u00d3BER:<\/strong><\/p>\n\n\n\n<p>4. Laugardagur kl. 19:30 Stj\u00f3rnaskiptafundur.<\/p>\n\n\n\n<p>Umsj\u00f3n: Stj\u00f3rn<\/p>\n\n\n\n<p>16. fimmtudagur kl. 19:30 F\u00e9lagsm\u00e1lafundur.<\/p>\n\n\n\n<p>Umsj\u00f3n: Kristleifur Gu\u00f0mundsson, L\u00fa\u00f0v\u00edk J\u00f3hannesson, K\u00e1ri<\/p>\n\n\n\n<p>\u00deorleifsson, Gu\u00f0mundur \u00de.B. \u00d3lafsson<\/p>\n\n\n\n<p>30. fimmtudagur Almennur kl. 19:30 K\u00f3telettufundur.<\/p>\n\n\n\n<p>Umsj\u00f3n: Birgir Sveinsson, J\u00f3natan Gu\u00f0ni J\u00f3nsson, Kristj\u00e1n<\/p>\n\n\n\n<p>Georgsson, Stef\u00e1n S\u00e6var Gu\u00f0j\u00f3nsson<\/p>\n\n\n\n<p><strong>N\u00d3VEMBER:<\/strong><\/p>\n\n\n\n<p>14. f\u00f6studagur Almennur kl. 19:30 Saltfisks- og Brothers-<\/p>\n\n\n\n<p>J\u00f3labj\u00f3rssmakk<\/p>\n\n\n\n<p>Umsj\u00f3n: \u00d3ttar Gunnlaugsson, Dan\u00edel Moritz, J\u00f3nas Bergsteinsson,<\/p>\n\n\n\n<p>Hj\u00f6rvar Gunnarsson<\/p>\n\n\n\n<p>27 . fimmtudagur kl. 20:00 P\u00f6kkun \u00e1 j\u00f3las\u00e6lg\u00e6tinu<\/p>\n\n\n\n<p>Umsj\u00f3n: S\u00e6lg\u00e6tisnefnd.<\/p>\n\n\n\n<p>28. f\u00f6studagur kl.18.00. J\u00f3laskreyting h\u00fassins<\/p>\n\n\n\n<p>Umsj\u00f3n: Skreytinganefnd<\/p>\n\n\n\n<p>29 n\u00f3v til &#8211; 5 des. Sala j\u00f3las\u00e6lg\u00e6tis (gefin vika \u00ed verkefni\u00f0)<\/p>\n\n\n\n<p><strong>DESEMBER:<\/strong><\/p>\n\n\n\n<p>6 . laugardagur J\u00f3lafundur<\/p>\n\n\n\n<p>Umsj\u00f3n: Stj\u00f3rnin<\/p>\n\n\n\n<p>24. A\u00f0fangadagur j\u00f3la kl. 10:30 Heims\u00f3kn \u00e1 Hraunb\u00fa\u00f0ir og<\/p>\n\n\n\n<p>sj\u00fakrah\u00fasi\u00f0.<\/p>\n\n\n\n<p><strong>JAN\u00daAR:<\/strong><\/p>\n\n\n\n<p>8. fimmtudagur kl.19:30 Fundur.<\/p>\n\n\n\n<p>Umsj\u00f3n: Gu\u00f0j\u00f3n Orri Sigurj\u00f3nsson, Logi Sn\u00e6dal J\u00f3nsson, Huginn<\/p>\n\n\n\n<p>Helgason, Stef\u00e1n P. Bjarnason<\/p>\n\n\n\n<p>22. fimmtudagur kl 19:30 Fundur<\/p>\n\n\n\n<p>Umsj\u00f3n: Kristj\u00e1n Georgsson, Kristgeir Orri Gr\u00e9tarsson, \u00deorsteinn<\/p>\n\n\n\n<p>Finnbogason, Gu\u00f0mundur J\u00f3hannsson<\/p>\n\n\n\n<p><strong>FEBR\u00daAR:<\/strong><\/p>\n\n\n\n<p>7 . laugardagur kl.20:00 \u00deorrabl\u00f3t<\/p>\n\n\n\n<p>Umsj\u00f3n: \u00deorrabl\u00f3tsnefnd.<\/p>\n\n\n\n<p>19. fimmtudagur kl. 19:30 Fundur. Almennur<\/p>\n\n\n\n<p>Umsj\u00f3n: J\u00f3natan Gu\u00f0ni J\u00f3nsson, Stef\u00e1n Birgisson, Stef\u00e1n S\u00e6var<\/p>\n\n\n\n<p>Gu\u00f0j\u00f3nsson, Einar Birgir Einarsson<\/p>\n\n\n\n<p><strong>MARS:<\/strong><\/p>\n\n\n\n<p>6.. f\u00f6studagur kl. 19:30 S\u00e6lkera-Fundur. Almennur<\/p>\n\n\n\n<p>Kokkar og umsj\u00f3n: R\u00edkhar\u00f0ur J Stef\u00e1nsson St\u00fdrir \u00feessu verkefni og<\/p>\n\n\n\n<p>velur mannskap sem hentar \u00ed verkefni\u00f0.<\/p>\n\n\n\n<p>19. fimmtudagur kl. 19:30 Fundur<\/p>\n\n\n\n<p>Umsj\u00f3n: Stef\u00e1n P. Bjarnarson, J\u00f3nas Bergsteinsson, Hj\u00f6rvar<\/p>\n\n\n\n<p>Gunnarsson, L\u00fa\u00f0v\u00edk J\u00f3hannesson<\/p>\n\n\n\n<p><strong>APR\u00edl:<\/strong><\/p>\n\n\n\n<p>2. fimmtudagur kl. 19:30 Fundur (m\u00f6gulega f\u00e6rist \u00feessi fundur \u00e1<\/p>\n\n\n\n<p>1.apr. v\/sk\u00edrdagur)<\/p>\n\n\n\n<p>Umsj\u00f3n: K\u00e1ri Hrafnkelsson, Stef\u00e1n Birgisson, Gu\u00f0j\u00f3n Orri Sigur-<\/p>\n\n\n\n<p>j\u00f3nsson, H\u00f3lmgeir Austfj\u00f6r\u00f0.<\/p>\n\n\n\n<p>16. fimmtudagurdagur kl.19:30 A\u00f0alfundur f\u00e9lagsm\u00e1lafundur.<\/p>\n\n\n\n<p>(stj\u00f3rn starfs\u00e1rsins 26\/27 tilkynnt)<\/p>\n\n\n\n<p>Umsj\u00f3n: \u00deorsteinn Finnbogason, Sigur\u00f0ur Sveinsson, Kristleifur<\/p>\n\n\n\n<p>Gu\u00f0mundsson, Birgir Sveinsson<\/p>\n\n\n\n<p><strong>MA\u00cd<\/strong><\/p>\n\n\n\n<p>2. Laugardagur Kl.13.00. Sv\u00e6\u00f0isr\u00e1\u00f0stefna S\u00f6gusv\u00e6\u00f0is haldin hj\u00e1<\/p>\n\n\n\n<p>Helgafelli \u00ed Vestmannaeyjum. Kiwaniskl\u00fabburinn Helgafell kemur<\/p>\n\n\n\n<p>a\u00f0 undirb\u00faningi fyrir \u00feessa r\u00e1\u00f0stefnu.<\/p>\n\n\n\n<p>(hvetjum flesta f\u00e9laga til a\u00f0 m\u00e6ta og taka \u00fe\u00e1tt \u00ed \u00feessum vi\u00f0bur\u00f0i)<\/p>\n\n\n\n<p>Hj\u00e1lmaafhending, fyrstu dagana \u00ed ma\u00ed, \u00ed samr\u00e1\u00f0i vi\u00f0<\/p>\n\n\n\n<p>grunnsk\u00f3lann.<\/p>\n\n\n\n<p>Umsj\u00f3n: Hj\u00e1lmanefnd<\/p>\n\n\n\n<p>9. Laugardagur. \u00d3vissufer\u00f0 Helgafells.<\/p>\n\n\n\n<p>(\u00fea\u00f0 \u00e1 eftir a\u00f0 taka \u00feennan m\u00f6guleika upp \u00e1 f\u00e9lagsm\u00e1lafundi)<\/p>\n\n\n\n<p>Umsj\u00f3n: Stj\u00f3rn<\/p>\n\n\n\n<p><strong>\u00c1G\u00daST:<\/strong><\/p>\n\n\n\n<p>16. Laugardagur. Fj\u00f6lskyldudagur Helgafells<\/p>\n\n\n\n<p><strong>SEPTEMBER:<\/strong><\/p>\n\n\n\n<p>3. fimmtudagur kl. 19:30 Fundur &#8211; Almennur<\/p>\n\n\n\n<p>Umsj\u00f3n: Gu\u00f0mundur J\u00f3hannsson, T\u00f3mas Sveinsson, Sigur\u00f0ur<\/p>\n\n\n\n<p>Sveinsson, Hj\u00e1lmar Vi\u00f0arsson<\/p>\n\n\n\n<p>24. fimmtudagur kl. 19:30 F\u00e9lagsm\u00e1lafundur. \u00c1rsuppgj\u00f6r<\/p>\n\n\n\n<p>Umsj\u00f3n: Einar Birgir Einarsson, Logi Sn\u00e6dal J\u00f3nsson, \u00de\u00f3r<\/p>\n\n\n\n<p>Engilbertsson, Huginn Helgason<\/p>\n\n\n\n<p><strong>OKT\u00d3BER:<\/strong><\/p>\n\n\n\n<p>4. f\u00f6studagur kl. 19:30 Stj\u00f3rnaskiptafundur. \u00c1rsh\u00e1t\u00ed\u00f0.<\/p>\n\n\n\n<p>Umsj\u00f3n: Fr\u00e1farandi og ver\u00f0andi stj\u00f3rn.<\/p>\n\n\n\n<p><\/p>\n","protected":false},"excerpt":{"rendered":"<p>DAGSKR\u00c1 HELGAFELLS STARFS\u00c1RI\u00d0 2025 &#8211; 2026 Matarnefnd a\u00f0sto\u00f0ar h\u00fasstj\u00f3rn \u00e1 barnum ef \u00e1st\u00e6\u00f0a \u00feykir til. H\u00fasstj\u00f3rn a\u00f0sto\u00f0ar Matarnefnd a\u00f0 framrei\u00f0a mat og ganga fr\u00e1 eftir mat ef \u00e1st\u00e6\u00f0a \u00feykir til. OKT\u00d3BER: 4. Laugardagur kl. 19:30 Stj\u00f3rnaskiptafundur. Umsj\u00f3n: Stj\u00f3rn 16. fimmtudagur kl. 19:30 F\u00e9lagsm\u00e1lafundur. Umsj\u00f3n: Kristleifur Gu\u00f0mundsson, L\u00fa\u00f0v\u00edk J\u00f3hannesson, K\u00e1ri \u00deorleifsson, Gu\u00f0mundur \u00de.B. \u00d3lafsson 30. fimmtudagur <a class=\"more-link\" href=\"https:\/\/helgafell1.kiwanis.is\/?page_id=3284\">Read More &#8230;<\/a><\/p>\n","protected":false},"author":1,"featured_media":0,"parent":0,"menu_order":0,"comment_status":"closed","ping_status":"closed","template":"","meta":{"ngg_post_thumbnail":0,"_themeisle_gutenberg_block_has_review":false,"footnotes":""},"class_list":["post-3284","page","type-page","status-publish","hentry"],"_links":{"self":[{"href":"https:\/\/helgafell1.kiwanis.is\/index.php?rest_route=\/wp\/v2\/pages\/3284","targetHints":{"allow":["GET"]}}],"collection":[{"href":"https:\/\/helgafell1.kiwanis.is\/index.php?rest_route=\/wp\/v2\/pages"}],"about":[{"href":"https:\/\/helgafell1.kiwanis.is\/index.php?rest_route=\/wp\/v2\/types\/page"}],"author":[{"embeddable":true,"href":"https:\/\/helgafell1.kiwanis.is\/index.php?rest_route=\/wp\/v2\/users\/1"}],"replies":[{"embeddable":true,"href":"https:\/\/helgafell1.kiwanis.is\/index.php?rest_route=%2Fwp%2Fv2%2Fcomments&post=3284"}],"version-history":[{"count":2,"href":"https:\/\/helgafell1.kiwanis.is\/index.php?rest_route=\/wp\/v2\/pages\/3284\/revisions"}],"predecessor-version":[{"id":3290,"href":"https:\/\/helgafell1.kiwanis.is\/index.php?rest_route=\/wp\/v2\/pages\/3284\/revisions\/3290"}],"wp:attachment":[{"href":"https:\/\/helgafell1.kiwanis.is\/index.php?rest_route=%2Fwp%2Fv2%2Fmedia&parent=3284"}],"curies":[{"name":"wp","href":"https:\/\/api.w.org\/{rel}","templated":true}]}}